{"id":7618,"date":"2019-09-11T18:15:45","date_gmt":"2019-09-11T16:15:45","guid":{"rendered":"https:\/\/www.geres.eu\/jagis\/devenir-membre\/"},"modified":"2025-06-02T11:25:41","modified_gmt":"2025-06-02T09:25:41","slug":"membership","status":"publish","type":"page","link":"https:\/\/www.geres.eu\/en\/take-action\/membership\/","title":{"rendered":"Become a member"},"content":{"rendered":"<p>[et_pb_section fb_built=&#8221;1&#8243; module_class=&#8221;opacified-section&#8221; _builder_version=&#8221;4.16&#8243; background_image=&#8221;https:\/\/www.geres.eu\/wp-content\/uploads\/2019\/10\/geres.devenir-adh\u00e9rent.en-savoir-plus.jpg&#8221; background_enable_image=&#8221;on&#8221; custom_margin=&#8221;||0px&#8221; custom_padding=&#8221;||&#8221; background_last_edited=&#8221;on|desktop&#8221; global_colors_info=&#8221;{}&#8221;][et_pb_row _builder_version=&#8221;4.16&#8243; module_alignment=&#8221;center&#8221; custom_margin=&#8221;|0px|50px|0px||&#8221; custom_padding=&#8221;|||0px&#8221; global_colors_info=&#8221;{}&#8221;][et_pb_column type=&#8221;4_4&#8243; _builder_version=&#8221;4.16&#8243; global_colors_info=&#8221;{}&#8221;][et_pb_text _builder_version=&#8221;4.16&#8243; text_font=&#8221;||||||||&#8221; text_text_color=&#8221;#FFFFFF&#8221; text_font_size=&#8221;60px&#8221; header_font=&#8221;||||||||&#8221; header_text_align=&#8221;center&#8221; header_text_color=&#8221;#FFFFFF&#8221; header_font_size=&#8221;75px&#8221; text_orientation=&#8221;center&#8221; custom_margin=&#8221;||0px&#8221; custom_padding=&#8221;||34px|||&#8221; header_font_size_tablet=&#8221;75px&#8221; header_font_size_phone=&#8221;52px&#8221; header_font_size_last_edited=&#8221;on|phone&#8221; custom_css_main_element=&#8221;display: flex;||justify-content: center;&#8221; text_text_align=&#8221;center&#8221; global_colors_info=&#8221;{}&#8221;]<\/p>\n<h1 class=\"p1\" style=\"text-align: center;\">BECOME A MEMBER<\/h1>\n<p>[\/et_pb_text][et_pb_text _builder_version=&#8221;4.16&#8243; text_font=&#8221;||||||||&#8221; text_text_color=&#8221;#FFFFFF&#8221; text_font_size=&#8221;20px&#8221; header_font=&#8221;||||||||&#8221; text_orientation=&#8221;center&#8221; max_width=&#8221;80%&#8221; custom_margin=&#8221;10px||&#8221; text_font_size_tablet=&#8221;17px&#8221; text_font_size_phone=&#8221;16px&#8221; text_font_size_last_edited=&#8221;on|phone&#8221; custom_css_main_element=&#8221;margin: 0 auto;&#8221; text_text_align=&#8221;center&#8221; global_colors_info=&#8221;{}&#8221;]<\/p>\n<p class=\"p1\"><span class=\"s1\"><strong><\/strong>Do you want to get involved in an association rallying around the cause of Climate Solidarity and taking concrete action? Then join us!<br \/><\/span><\/p>\n<p>[\/et_pb_text][\/et_pb_column][\/et_pb_row][\/et_pb_section][et_pb_section fb_built=&#8221;1&#8243; _builder_version=&#8221;4.16&#8243; custom_padding=&#8221;0px|20px|6px|20px||&#8221; global_colors_info=&#8221;{}&#8221;][et_pb_row _builder_version=&#8221;4.16&#8243; width=&#8221;90%&#8221; max_width=&#8221;1400px&#8221; custom_padding=&#8221;||0px|||&#8221; locked=&#8221;off&#8221; global_colors_info=&#8221;{}&#8221;][et_pb_column type=&#8221;4_4&#8243; _builder_version=&#8221;4.16&#8243; global_colors_info=&#8221;{}&#8221;][bastad_breadcrumb _builder_version=&#8221;4.16&#8243; global_colors_info=&#8221;{}&#8221;][\/bastad_breadcrumb][\/et_pb_column][\/et_pb_row][et_pb_row _builder_version=&#8221;4.16&#8243; width=&#8221;90%&#8221; max_width=&#8221;1400px&#8221; custom_padding=&#8221;||3px|||&#8221; global_colors_info=&#8221;{}&#8221;][et_pb_column type=&#8221;4_4&#8243; _builder_version=&#8221;4.16&#8243; global_colors_info=&#8221;{}&#8221;][et_pb_code _builder_version=&#8221;4.27.4&#8243; min_height=&#8221;857px&#8221; custom_padding=&#8221;||6px|||&#8221; hover_enabled=&#8221;0&#8243; global_colors_info=&#8221;{}&#8221; sticky_enabled=&#8221;0&#8243;]<iframe id=\"haWidget\" allowtransparency=\"true\" scrolling=\"auto\" src=\"https:\/\/www.helloasso.com\/associations\/geres\/adhesions\/je-deviens-membre-du-geres-2025\/widget\" style=\"width: 100%; height: 1000px; border: none;\" onload=\"window.scroll(0, this.offsetTop)\"><\/iframe>[\/et_pb_code][\/et_pb_column][\/et_pb_row][\/et_pb_section][et_pb_section fb_built=&#8221;1&#8243; custom_padding_last_edited=&#8221;on|tablet&#8221; disabled_on=&#8221;on|on|on&#8221; _builder_version=&#8221;4.16&#8243; custom_margin=&#8221;-7px|||||&#8221; custom_padding=&#8221;24px||15px|||&#8221; custom_padding_tablet=&#8221;|20px||20px&#8221; custom_padding_phone=&#8221;&#8221; border_width_top=&#8221;1px&#8221; border_color_top=&#8221;rgba(92,122,153,0.25)&#8221; border_width_bottom=&#8221;1px&#8221; border_color_bottom=&#8221;rgba(92,122,153,0.25)&#8221; disabled=&#8221;on&#8221; locked=&#8221;off&#8221; global_colors_info=&#8221;{}&#8221;][et_pb_row custom_padding_last_edited=&#8221;on|tablet&#8221; _builder_version=&#8221;4.16&#8243; custom_padding_tablet=&#8221;0px||0px&#8221; custom_padding_phone=&#8221;&#8221; global_colors_info=&#8221;{}&#8221;][et_pb_column type=&#8221;4_4&#8243; _builder_version=&#8221;4.16&#8243; global_colors_info=&#8221;{}&#8221;][et_pb_text _builder_version=&#8221;4.16&#8243; text_font=&#8221;||||||||&#8221; text_text_color=&#8221;#ffffff&#8221; header_font=&#8221;||||||||&#8221; header_text_align=&#8221;center&#8221; header_text_color=&#8221;#ffffff&#8221; header_2_font=&#8221;||||||||&#8221; header_2_text_color=&#8221;#ffffff&#8221; header_2_font_size=&#8221;40px&#8221; text_orientation=&#8221;center&#8221; custom_margin=&#8221;||10px&#8221; custom_padding=&#8221;||0px&#8221; custom_css_main_element=&#8221;display: flex;||justify-content: center;&#8221; text_text_align=&#8221;center&#8221; global_colors_info=&#8221;{}&#8221;]<\/p>\n<h2 style=\"text-align: center;\"><span color=\"#000000\" style=\"color: #000000;\"><b>DOCS EN T\u00c9L\u00c9CHARGEMENT<\/b><\/span><\/h2>\n<p>[\/et_pb_text][et_pb_divider color=&#8221;#ffb622&#8243; divider_weight=&#8221;4px&#8221; _builder_version=&#8221;4.16&#8243; width=&#8221;8%&#8221; module_alignment=&#8221;center&#8221; global_colors_info=&#8221;{}&#8221;][\/et_pb_divider][\/et_pb_column][\/et_pb_row][et_pb_row column_structure=&#8221;1_2,1_2&#8243; _builder_version=&#8221;4.16&#8243; width=&#8221;100%&#8221; max_width=&#8221;1400px&#8221; global_colors_info=&#8221;{}&#8221;][et_pb_column type=&#8221;1_2&#8243; _builder_version=&#8221;4.16&#8243; global_colors_info=&#8221;{}&#8221;][et_pb_text module_class=&#8221;doc-telechargement&#8221; _builder_version=&#8221;4.16&#8243; text_font=&#8221;||||||||&#8221; text_text_color=&#8221;#000000&#8243; text_font_size=&#8221;16px&#8221; global_colors_info=&#8221;{}&#8221;]<\/p>\n<h3><strong>Statuts du Geres<br \/> <\/strong><\/h3>\n<p>En tant que futur membre du Geres, nous vous invitons \u00e0 prendre connaissance\u00a0 des statuts de notre association.<\/p>\n<p><a href=\"https:\/\/www.geres.eu\/wp-content\/uploads\/2019\/10\/Statuts-Geres-2019.pdf\" class=\"know-more black\" target=\"_blank\" rel=\"noopener noreferrer\"><i class=\"icon-arrow_right\"><\/i><span>T\u00e9l\u00e9charger le document<\/span><\/a><\/p>\n<p>[\/et_pb_text][\/et_pb_column][et_pb_column type=&#8221;1_2&#8243; _builder_version=&#8221;4.16&#8243; global_colors_info=&#8221;{}&#8221;][et_pb_text module_class=&#8221;doc-telechargement&#8221; _builder_version=&#8221;4.16&#8243; text_font=&#8221;||||||||&#8221; text_text_color=&#8221;#000000&#8243; text_font_size=&#8221;16px&#8221; global_colors_info=&#8221;{}&#8221;]<\/p>\n<h3><strong>Charte des valeurs du Geres<br \/> <\/strong><\/h3>\n<p>En devenant membre du Geres, vous adh\u00e9rez de fait \u00e0 la charte des valeurs de notre association.<\/p>\n<p><a href=\"https:\/\/www.geres.eu\/wp-content\/uploads\/2019\/10\/Charte-des-valeurs-du-Geres_2019.pdf\" class=\"know-more black\" target=\"_blank\" rel=\"noopener noreferrer\"><i class=\"icon-arrow_right\"><\/i><span>T\u00e9l\u00e9charger le document<\/span><\/a><\/p>\n<p>[\/et_pb_text][\/et_pb_column][\/et_pb_row][\/et_pb_section][et_pb_section fb_built=&#8221;1&#8243; module_class=&#8221;bloc-footer-liens-image&#8221; _builder_version=&#8221;4.16&#8243; custom_padding=&#8221;32px|||||&#8221; border_width_top=&#8221;1px&#8221; border_color_top=&#8221;rgba(92,122,153,0.25)&#8221; border_width_bottom=&#8221;1px&#8221; border_color_bottom=&#8221;rgba(92,122,153,0.25)&#8221; locked=&#8221;off&#8221; global_colors_info=&#8221;{}&#8221;][et_pb_row _builder_version=&#8221;4.16&#8243; global_colors_info=&#8221;{}&#8221;][et_pb_column type=&#8221;4_4&#8243; _builder_version=&#8221;4.16&#8243; global_colors_info=&#8221;{}&#8221;][et_pb_text _builder_version=&#8221;4.16&#8243; text_font=&#8221;||||||||&#8221; text_text_color=&#8221;#000000&#8243; header_font=&#8221;||||||||&#8221; header_text_align=&#8221;center&#8221; header_text_color=&#8221;#000000&#8243; header_2_font=&#8221;||||||||&#8221; header_2_text_color=&#8221;#000000&#8243; header_2_font_size=&#8221;40px&#8221; text_orientation=&#8221;center&#8221; custom_margin=&#8221;||10px&#8221; custom_padding=&#8221;||0px&#8221; custom_css_main_element=&#8221;display: flex;||justify-content: center;&#8221; text_text_align=&#8221;center&#8221; global_colors_info=&#8221;{}&#8221;]<\/p>\n<h2 style=\"text-align: center;\"><strong>FIND OUT MORE<br \/><\/strong><\/h2>\n<p>[\/et_pb_text][et_pb_divider color=&#8221;#ffb622&#8243; divider_weight=&#8221;4px&#8221; _builder_version=&#8221;4.16&#8243; width=&#8221;8%&#8221; module_alignment=&#8221;center&#8221; global_colors_info=&#8221;{}&#8221;][\/et_pb_divider][\/et_pb_column][\/et_pb_row][et_pb_row column_structure=&#8221;1_2,1_2&#8243; _builder_version=&#8221;4.16&#8243; width=&#8221;100%&#8221; max_width=&#8221;952px&#8221; global_colors_info=&#8221;{}&#8221;][et_pb_column type=&#8221;1_2&#8243; _builder_version=&#8221;4.16&#8243; global_colors_info=&#8221;{}&#8221;][et_pb_text _builder_version=&#8221;4.16&#8243; text_font=&#8221;||||||||&#8221; text_letter_spacing=&#8221;2px&#8221; header_font=&#8221;||||||||&#8221; header_text_align=&#8221;center&#8221; header_3_font=&#8221;||||||||&#8221; header_3_text_align=&#8221;center&#8221; header_3_text_color=&#8221;#ffffff&#8221; header_3_font_size=&#8221;30px&#8221; header_3_line_height=&#8221;30px&#8221; background_image=&#8221;https:\/\/www.geres.eu\/wp-content\/uploads\/2019\/10\/geres.gouvernance.en-savoir-plus.jpg&#8221; text_orientation=&#8221;center&#8221; min_height=&#8221;223px&#8221; custom_padding=&#8221;20px|20px|0px|20px||&#8221; custom_padding_tablet=&#8221;&#8221; custom_padding_phone=&#8221;&#8221; custom_padding_last_edited=&#8221;on|desktop&#8221; link_option_url=&#8221;https:\/\/www.geres.eu\/en\/about\/governance\/&#8221; custom_css_main_element=&#8221;display: flex;||justify-content: center;||align-items: center;&#8221; text_text_align=&#8221;center&#8221; global_colors_info=&#8221;{}&#8221;]<\/p>\n<h3 style=\"text-align: center;\"><strong>Governance<br \/> <\/strong><\/h3>\n<p>[\/et_pb_text][\/et_pb_column][et_pb_column type=&#8221;1_2&#8243; _builder_version=&#8221;4.16&#8243; global_colors_info=&#8221;{}&#8221;][et_pb_text _builder_version=&#8221;4.16&#8243; text_font=&#8221;||||||||&#8221; text_letter_spacing=&#8221;2px&#8221; header_font=&#8221;||||||||&#8221; header_text_align=&#8221;center&#8221; header_3_font=&#8221;||||||||&#8221; header_3_text_align=&#8221;center&#8221; header_3_text_color=&#8221;#ffffff&#8221; header_3_font_size=&#8221;30px&#8221; header_3_line_height=&#8221;40px&#8221; background_image=&#8221;https:\/\/www.geres.eu\/wp-content\/uploads\/2019\/10\/geres.transparence.en-savoir-plus-2.jpg&#8221; text_orientation=&#8221;center&#8221; min_height=&#8221;223px&#8221; custom_padding=&#8221;20px|20px|0px|20px||&#8221; custom_padding_tablet=&#8221;&#8221; custom_padding_phone=&#8221;&#8221; custom_padding_last_edited=&#8221;on|desktop&#8221; link_option_url=&#8221;https:\/\/www.geres.eu\/en\/about\/transparency\/&#8221; custom_css_main_element=&#8221;display: flex;||justify-content: center;||align-items: center;&#8221; text_text_align=&#8221;center&#8221; global_colors_info=&#8221;{}&#8221;]<\/p>\n<h3>Transparency<\/h3>\n<p>[\/et_pb_text][\/et_pb_column][\/et_pb_row][\/et_pb_section]<\/p>\n","protected":false},"excerpt":{"rendered":"<p>BECOME A MEMBERDo you want to get involved in an association rallying around the cause of Climate Solidarity and taking concrete action? Then join us!<div class=\"et_pb_module bastad_breadcrumb bastad_breadcrumb_0\">\n\t\t\t\t\n\t\t\t\t\n\t\t\t\t\n\t\t\t\t\n\t\t\t\t\n\t\t\t\t\n\t\t\t\t<div class=\"et_pb_module_inner\">\n\t\t\t\t\t<div class='breadcrumb'><span property=\"itemListElement\" typeof=\"ListItem\"><a property=\"item\" typeof=\"WebPage\" title=\"Go to Geres.\" href=\"https:\/\/www.geres.eu\/en\/\" class=\"home\" aria-current=\"page\"><span property=\"name\"><i class=\"home-i\"><\/i><\/span><\/a><meta property=\"position\" content=\"1\"><\/span><\/div>\n\t\t\t\t<\/div>\n\t\t\t<\/div>DOCS EN T\u00c9L\u00c9CHARGEMENTStatuts du Geres En tant que futur membre du Geres, nous vous invitons \u00e0 prendre connaissance\u00a0 des statuts de notre association. T\u00e9l\u00e9charger le documentCharte des valeurs du [&hellip;]<\/p>\n","protected":false},"author":2,"featured_media":16287,"parent":7612,"menu_order":0,"comment_status":"closed","ping_status":"closed","template":"","meta":{"_acf_changed":false,"_et_pb_use_builder":"on","_et_pb_old_content":"","_et_gb_content_width":"","footnotes":""},"class_list":["post-7618","page","type-page","status-publish","has-post-thumbnail","hentry"],"acf":[],"yoast_head":"<!-- This site is optimized with the Yoast SEO plugin v25.6 - https:\/\/yoast.com\/wordpress\/plugins\/seo\/ -->\n<title>Become a member - Geres<\/title>\n<meta name=\"robots\" content=\"index, follow, max-snippet:-1, max-image-preview:large, max-video-preview:-1\" \/>\n<link rel=\"canonical\" href=\"https:\/\/www.geres.eu\/en\/take-action\/membership\/\" \/>\n<meta property=\"og:locale\" content=\"en_US\" \/>\n<meta property=\"og:type\" content=\"article\" \/>\n<meta property=\"og:title\" content=\"Become a member - Geres\" \/>\n<meta property=\"og:description\" content=\"BECOME A MEMBERDo you want to get involved in an association rallying around the cause of Climate Solidarity and taking concrete action? Then join us!DOCS EN T\u00c9L\u00c9CHARGEMENTStatuts du Geres En tant que futur membre du Geres, nous vous invitons \u00e0 prendre connaissance\u00a0 des statuts de notre association. T\u00e9l\u00e9charger le documentCharte des valeurs du [&hellip;]\" \/>\n<meta property=\"og:url\" content=\"https:\/\/www.geres.eu\/en\/take-action\/membership\/\" \/>\n<meta property=\"og:site_name\" content=\"Geres\" \/>\n<meta property=\"article:publisher\" content=\"https:\/\/www.facebook.com\/geres.asso\/\" \/>\n<meta property=\"article:modified_time\" content=\"2025-06-02T09:25:41+00:00\" \/>\n<meta property=\"og:image\" content=\"https:\/\/www.geres.eu\/wp-content\/uploads\/2019\/10\/slider-adh\u00e9sions.jpg\" \/>\n\t<meta property=\"og:image:width\" content=\"1800\" \/>\n\t<meta property=\"og:image:height\" content=\"1010\" \/>\n\t<meta property=\"og:image:type\" content=\"image\/jpeg\" \/>\n<meta name=\"twitter:card\" content=\"summary_large_image\" \/>\n<meta name=\"twitter:site\" content=\"@Geres_fr\" \/>\n<meta name=\"twitter:label1\" content=\"Est. reading time\" \/>\n\t<meta name=\"twitter:data1\" content=\"5 minutes\" \/>\n<script type=\"application\/ld+json\" class=\"yoast-schema-graph\">{\"@context\":\"https:\/\/schema.org\",\"@graph\":[{\"@type\":\"WebPage\",\"@id\":\"https:\/\/www.geres.eu\/en\/take-action\/membership\/\",\"url\":\"https:\/\/www.geres.eu\/en\/take-action\/membership\/\",\"name\":\"Become a member - Geres\",\"isPartOf\":{\"@id\":\"https:\/\/www.geres.eu\/en\/#website\"},\"primaryImageOfPage\":{\"@id\":\"https:\/\/www.geres.eu\/en\/take-action\/membership\/#primaryimage\"},\"image\":{\"@id\":\"https:\/\/www.geres.eu\/en\/take-action\/membership\/#primaryimage\"},\"thumbnailUrl\":\"https:\/\/www.geres.eu\/wp-content\/uploads\/2019\/10\/slider-adh\u00e9sions.jpg\",\"datePublished\":\"2019-09-11T16:15:45+00:00\",\"dateModified\":\"2025-06-02T09:25:41+00:00\",\"breadcrumb\":{\"@id\":\"https:\/\/www.geres.eu\/en\/take-action\/membership\/#breadcrumb\"},\"inLanguage\":\"en-US\",\"potentialAction\":[{\"@type\":\"ReadAction\",\"target\":[\"https:\/\/www.geres.eu\/en\/take-action\/membership\/\"]}]},{\"@type\":\"ImageObject\",\"inLanguage\":\"en-US\",\"@id\":\"https:\/\/www.geres.eu\/en\/take-action\/membership\/#primaryimage\",\"url\":\"https:\/\/www.geres.eu\/wp-content\/uploads\/2019\/10\/slider-adh\u00e9sions.jpg\",\"contentUrl\":\"https:\/\/www.geres.eu\/wp-content\/uploads\/2019\/10\/slider-adh\u00e9sions.jpg\",\"width\":1800,\"height\":1010,\"caption\":\"Devenir membre Geres\"},{\"@type\":\"BreadcrumbList\",\"@id\":\"https:\/\/www.geres.eu\/en\/take-action\/membership\/#breadcrumb\",\"itemListElement\":[{\"@type\":\"ListItem\",\"position\":1,\"name\":\"Home\",\"item\":\"https:\/\/www.geres.eu\/en\/\"},{\"@type\":\"ListItem\",\"position\":2,\"name\":\"Take action\",\"item\":\"https:\/\/www.geres.eu\/en\/take-action\/\"},{\"@type\":\"ListItem\",\"position\":3,\"name\":\"Become a member\"}]},{\"@type\":\"WebSite\",\"@id\":\"https:\/\/www.geres.eu\/en\/#website\",\"url\":\"https:\/\/www.geres.eu\/en\/\",\"name\":\"Geres\",\"description\":\"Acting for climate solidarity\",\"publisher\":{\"@id\":\"https:\/\/www.geres.eu\/en\/#organization\"},\"potentialAction\":[{\"@type\":\"SearchAction\",\"target\":{\"@type\":\"EntryPoint\",\"urlTemplate\":\"https:\/\/www.geres.eu\/en\/?s={search_term_string}\"},\"query-input\":{\"@type\":\"PropertyValueSpecification\",\"valueRequired\":true,\"valueName\":\"search_term_string\"}}],\"inLanguage\":\"en-US\"},{\"@type\":\"Organization\",\"@id\":\"https:\/\/www.geres.eu\/en\/#organization\",\"name\":\"Geres\",\"url\":\"https:\/\/www.geres.eu\/en\/\",\"logo\":{\"@type\":\"ImageObject\",\"inLanguage\":\"en-US\",\"@id\":\"https:\/\/www.geres.eu\/en\/#\/schema\/logo\/image\/\",\"url\":\"https:\/\/www.geres.eu\/wp-content\/uploads\/2019\/10\/geres-logo-fr.png\",\"contentUrl\":\"https:\/\/www.geres.eu\/wp-content\/uploads\/2019\/10\/geres-logo-fr.png\",\"width\":139,\"height\":92,\"caption\":\"Geres\"},\"image\":{\"@id\":\"https:\/\/www.geres.eu\/en\/#\/schema\/logo\/image\/\"},\"sameAs\":[\"https:\/\/www.facebook.com\/geres.asso\/\",\"https:\/\/x.com\/Geres_fr\",\"https:\/\/fr.linkedin.com\/company\/geres\",\"https:\/\/www.youtube.com\/channel\/UCDAYdJgGXWW6kmtSeEuhNIQ\",\"https:\/\/fr.wikipedia.org\/wiki\/Geres\"]}]}<\/script>\n<!-- \/ Yoast SEO plugin. -->","yoast_head_json":{"title":"Become a member - Geres","robots":{"index":"index","follow":"follow","max-snippet":"max-snippet:-1","max-image-preview":"max-image-preview:large","max-video-preview":"max-video-preview:-1"},"canonical":"https:\/\/www.geres.eu\/en\/take-action\/membership\/","og_locale":"en_US","og_type":"article","og_title":"Become a member - Geres","og_description":"BECOME A MEMBERDo you want to get involved in an association rallying around the cause of Climate Solidarity and taking concrete action? Then join us!DOCS EN T\u00c9L\u00c9CHARGEMENTStatuts du Geres En tant que futur membre du Geres, nous vous invitons \u00e0 prendre connaissance\u00a0 des statuts de notre association. T\u00e9l\u00e9charger le documentCharte des valeurs du [&hellip;]","og_url":"https:\/\/www.geres.eu\/en\/take-action\/membership\/","og_site_name":"Geres","article_publisher":"https:\/\/www.facebook.com\/geres.asso\/","article_modified_time":"2025-06-02T09:25:41+00:00","og_image":[{"width":1800,"height":1010,"url":"https:\/\/www.geres.eu\/wp-content\/uploads\/2019\/10\/slider-adh\u00e9sions.jpg","type":"image\/jpeg"}],"twitter_card":"summary_large_image","twitter_site":"@Geres_fr","twitter_misc":{"Est. reading time":"5 minutes"},"schema":{"@context":"https:\/\/schema.org","@graph":[{"@type":"WebPage","@id":"https:\/\/www.geres.eu\/en\/take-action\/membership\/","url":"https:\/\/www.geres.eu\/en\/take-action\/membership\/","name":"Become a member - Geres","isPartOf":{"@id":"https:\/\/www.geres.eu\/en\/#website"},"primaryImageOfPage":{"@id":"https:\/\/www.geres.eu\/en\/take-action\/membership\/#primaryimage"},"image":{"@id":"https:\/\/www.geres.eu\/en\/take-action\/membership\/#primaryimage"},"thumbnailUrl":"https:\/\/www.geres.eu\/wp-content\/uploads\/2019\/10\/slider-adh\u00e9sions.jpg","datePublished":"2019-09-11T16:15:45+00:00","dateModified":"2025-06-02T09:25:41+00:00","breadcrumb":{"@id":"https:\/\/www.geres.eu\/en\/take-action\/membership\/#breadcrumb"},"inLanguage":"en-US","potentialAction":[{"@type":"ReadAction","target":["https:\/\/www.geres.eu\/en\/take-action\/membership\/"]}]},{"@type":"ImageObject","inLanguage":"en-US","@id":"https:\/\/www.geres.eu\/en\/take-action\/membership\/#primaryimage","url":"https:\/\/www.geres.eu\/wp-content\/uploads\/2019\/10\/slider-adh\u00e9sions.jpg","contentUrl":"https:\/\/www.geres.eu\/wp-content\/uploads\/2019\/10\/slider-adh\u00e9sions.jpg","width":1800,"height":1010,"caption":"Devenir membre Geres"},{"@type":"BreadcrumbList","@id":"https:\/\/www.geres.eu\/en\/take-action\/membership\/#breadcrumb","itemListElement":[{"@type":"ListItem","position":1,"name":"Home","item":"https:\/\/www.geres.eu\/en\/"},{"@type":"ListItem","position":2,"name":"Take action","item":"https:\/\/www.geres.eu\/en\/take-action\/"},{"@type":"ListItem","position":3,"name":"Become a member"}]},{"@type":"WebSite","@id":"https:\/\/www.geres.eu\/en\/#website","url":"https:\/\/www.geres.eu\/en\/","name":"Geres","description":"Acting for climate solidarity","publisher":{"@id":"https:\/\/www.geres.eu\/en\/#organization"},"potentialAction":[{"@type":"SearchAction","target":{"@type":"EntryPoint","urlTemplate":"https:\/\/www.geres.eu\/en\/?s={search_term_string}"},"query-input":{"@type":"PropertyValueSpecification","valueRequired":true,"valueName":"search_term_string"}}],"inLanguage":"en-US"},{"@type":"Organization","@id":"https:\/\/www.geres.eu\/en\/#organization","name":"Geres","url":"https:\/\/www.geres.eu\/en\/","logo":{"@type":"ImageObject","inLanguage":"en-US","@id":"https:\/\/www.geres.eu\/en\/#\/schema\/logo\/image\/","url":"https:\/\/www.geres.eu\/wp-content\/uploads\/2019\/10\/geres-logo-fr.png","contentUrl":"https:\/\/www.geres.eu\/wp-content\/uploads\/2019\/10\/geres-logo-fr.png","width":139,"height":92,"caption":"Geres"},"image":{"@id":"https:\/\/www.geres.eu\/en\/#\/schema\/logo\/image\/"},"sameAs":["https:\/\/www.facebook.com\/geres.asso\/","https:\/\/x.com\/Geres_fr","https:\/\/fr.linkedin.com\/company\/geres","https:\/\/www.youtube.com\/channel\/UCDAYdJgGXWW6kmtSeEuhNIQ","https:\/\/fr.wikipedia.org\/wiki\/Geres"]}]}},"_links":{"self":[{"href":"https:\/\/www.geres.eu\/en\/wp-json\/wp\/v2\/pages\/7618"}],"collection":[{"href":"https:\/\/www.geres.eu\/en\/wp-json\/wp\/v2\/pages"}],"about":[{"href":"https:\/\/www.geres.eu\/en\/wp-json\/wp\/v2\/types\/page"}],"author":[{"embeddable":true,"href":"https:\/\/www.geres.eu\/en\/wp-json\/wp\/v2\/users\/2"}],"replies":[{"embeddable":true,"href":"https:\/\/www.geres.eu\/en\/wp-json\/wp\/v2\/comments?post=7618"}],"version-history":[{"count":20,"href":"https:\/\/www.geres.eu\/en\/wp-json\/wp\/v2\/pages\/7618\/revisions"}],"predecessor-version":[{"id":34235,"href":"https:\/\/www.geres.eu\/en\/wp-json\/wp\/v2\/pages\/7618\/revisions\/34235"}],"up":[{"embeddable":true,"href":"https:\/\/www.geres.eu\/en\/wp-json\/wp\/v2\/pages\/7612"}],"wp:featuredmedia":[{"embeddable":true,"href":"https:\/\/www.geres.eu\/en\/wp-json\/wp\/v2\/media\/16287"}],"wp:attachment":[{"href":"https:\/\/www.geres.eu\/en\/wp-json\/wp\/v2\/media?parent=7618"}],"curies":[{"name":"wp","href":"https:\/\/api.w.org\/{rel}","templated":true}]}}