{"id":7641,"date":"2019-09-13T17:38:43","date_gmt":"2019-09-13T15:38:43","guid":{"rendered":"https:\/\/www.geres.eu\/jagis\/soutenir-nos-campagnes\/"},"modified":"2023-07-25T11:54:55","modified_gmt":"2023-07-25T09:54:55","slug":"soutenir-nos-campagnes","status":"publish","type":"page","link":"https:\/\/www.geres.eu\/en\/take-action\/soutenir-nos-campagnes\/","title":{"rendered":"Soutenir nos campagnes"},"content":{"rendered":"<p>[et_pb_section fb_built=&#8221;1&#8243; module_class=&#8221;opacified-section&#8221; _builder_version=&#8221;4.9.4&#8243; background_image=&#8221;https:\/\/www.geres.eu\/wp-content\/uploads\/2019\/10\/geres.soutenir-nos-campagnes.jpg&#8221; custom_margin=&#8221;||0px&#8221; custom_padding=&#8221;||&#8221; hover_enabled=&#8221;0&#8243; title_text=&#8221;geres.soutenir-nos campagnes&#8221; background_enable_image=&#8221;on&#8221; sticky_enabled=&#8221;0&#8243;][et_pb_row _builder_version=&#8221;3.25.3&#8243; module_alignment=&#8221;center&#8221; custom_margin=&#8221;|0px|50px|0px||&#8221; custom_padding=&#8221;|||0px&#8221;][et_pb_column type=&#8221;4_4&#8243; _builder_version=&#8221;3.25.3&#8243;][et_pb_text _builder_version=&#8221;3.27.4&#8243; text_font=&#8221;||||||||&#8221; text_text_color=&#8221;#FFFFFF&#8221; text_font_size=&#8221;60px&#8221; header_font=&#8221;||||||||&#8221; header_text_align=&#8221;center&#8221; header_text_color=&#8221;#FFFFFF&#8221; header_font_size=&#8221;75px&#8221; text_orientation=&#8221;center&#8221; custom_margin=&#8221;||30px|||&#8221; header_font_size_tablet=&#8221;75px&#8221; header_font_size_phone=&#8221;52px&#8221; header_font_size_last_edited=&#8221;on|phone&#8221; custom_css_main_element=&#8221;display: flex;||justify-content: center;&#8221; text_text_align=&#8221;center&#8221;]<\/p>\n<h1 class=\"p1\" style=\"text-align: center;\">SOUTENIR NOS CAMPAGNES<\/h1>\n<p>[\/et_pb_text][et_pb_text _builder_version=&#8221;3.27.4&#8243; text_font=&#8221;||||||||&#8221; text_text_color=&#8221;#FFFFFF&#8221; text_font_size=&#8221;20px&#8221; header_font=&#8221;||||||||&#8221; text_orientation=&#8221;center&#8221; max_width=&#8221;80%&#8221; custom_margin=&#8221;10px||&#8221; text_font_size_tablet=&#8221;17px&#8221; text_font_size_phone=&#8221;16px&#8221; text_font_size_last_edited=&#8221;on|phone&#8221; custom_css_main_element=&#8221;margin: 0 auto;&#8221; text_text_align=&#8221;center&#8221;]<\/p>\n<p class=\"p1\"><span class=\"s1\"><strong><\/strong>Pour nous aider \u00e0 conduire nos actions et \u00e0 porter haut et fort le message de Solidarit\u00e9 climatique, nous avons besoin du soutien de chacun et chacune.<\/span><\/p>\n<p>[\/et_pb_text][\/et_pb_column][\/et_pb_row][\/et_pb_section][et_pb_section fb_built=&#8221;1&#8243; _builder_version=&#8221;3.25.3&#8243; custom_padding=&#8221;0px|20px|41px|20px||&#8221;][et_pb_row _builder_version=&#8221;3.25.3&#8243; width=&#8221;90%&#8221; max_width=&#8221;1400px&#8221; custom_padding=&#8221;||0px|||&#8221; locked=&#8221;off&#8221;][et_pb_column type=&#8221;4_4&#8243; _builder_version=&#8221;3.25.3&#8243;][bastad_breadcrumb _builder_version=&#8221;3.25.3&#8243;][\/bastad_breadcrumb][\/et_pb_column][\/et_pb_row][et_pb_row _builder_version=&#8221;3.25.3&#8243; custom_padding=&#8221;47px|||||&#8221; locked=&#8221;off&#8221;][et_pb_column type=&#8221;4_4&#8243; _builder_version=&#8221;3.25.3&#8243;][et_pb_text _builder_version=&#8221;3.25.3&#8243; text_font=&#8221;||||||||&#8221; text_text_color=&#8221;#ffffff&#8221; header_font=&#8221;||||||||&#8221; header_text_align=&#8221;center&#8221; header_text_color=&#8221;#ffffff&#8221; header_2_font=&#8221;||||||||&#8221; header_2_text_color=&#8221;#000000&#8243; header_2_font_size=&#8221;56px&#8221; text_orientation=&#8221;center&#8221; custom_margin=&#8221;||10px&#8221; custom_padding=&#8221;||0px&#8221; header_2_font_size_tablet=&#8221;48px&#8221; header_2_font_size_phone=&#8221;33px&#8221; header_2_font_size_last_edited=&#8221;on|phone&#8221; custom_css_main_element=&#8221;display: flex;||justify-content: center;&#8221; text_text_align=&#8221;center&#8221;]<\/p>\n<h2 style=\"text-align: center;\">Campagnes \u00e0 la une<\/h2>\n<p>[\/et_pb_text][et_pb_divider color=&#8221;#ffb622&#8243; divider_weight=&#8221;4px&#8221; _builder_version=&#8221;3.25.3&#8243; width=&#8221;8%&#8221; module_alignment=&#8221;center&#8221;][\/et_pb_divider][\/et_pb_column][\/et_pb_row][et_pb_row module_class=&#8221;campagne-list&#8221; _builder_version=&#8221;3.25.3&#8243; width=&#8221;100%&#8221; max_width=&#8221;1400px&#8221;][et_pb_column type=&#8221;4_4&#8243; _builder_version=&#8221;3.25.3&#8243;][et_pb_dpfilterable_blog posts_number=&#8221;3&#8243; include_categories=&#8221;71&#8243; show_categories=&#8221;off&#8221; show_pagination=&#8221;off&#8221; _builder_version=&#8221;3.25.3&#8243;][\/et_pb_dpfilterable_blog][\/et_pb_column][\/et_pb_row][et_pb_row _builder_version=&#8221;3.25.3&#8243; custom_margin=&#8221;56px|auto||auto||&#8221;][et_pb_column type=&#8221;4_4&#8243; _builder_version=&#8221;3.25.3&#8243;][et_pb_text _builder_version=&#8221;3.25.3&#8243; text_font=&#8221;||||||||&#8221; text_text_color=&#8221;#ffffff&#8221; header_font=&#8221;||||||||&#8221; header_text_align=&#8221;center&#8221; header_text_color=&#8221;#ffffff&#8221; header_2_font=&#8221;||||||||&#8221; header_2_text_color=&#8221;#000000&#8243; header_2_font_size=&#8221;40px&#8221; text_orientation=&#8221;center&#8221; custom_margin=&#8221;||10px&#8221; custom_padding=&#8221;||0px&#8221; header_2_font_size_tablet=&#8221;&#8221; header_2_font_size_phone=&#8221;33px&#8221; header_2_font_size_last_edited=&#8221;on|phone&#8221; custom_css_main_element=&#8221;display: flex;||justify-content: center;&#8221; text_text_align=&#8221;center&#8221;]<\/p>\n<h2 style=\"text-align: center;\">TOUTES LES AUTRES CAMPAGNES<\/h2>\n<p>[\/et_pb_text][et_pb_divider color=&#8221;#ffb622&#8243; divider_weight=&#8221;4px&#8221; _builder_version=&#8221;3.25.3&#8243; width=&#8221;8%&#8221; module_alignment=&#8221;center&#8221;][\/et_pb_divider][\/et_pb_column][\/et_pb_row][et_pb_row module_class=&#8221;campagne-list&#8221; _builder_version=&#8221;3.25.3&#8243; width=&#8221;100%&#8221; max_width=&#8221;1400px&#8221;][et_pb_column type=&#8221;4_4&#8243; _builder_version=&#8221;3.25.3&#8243;][et_pb_dpfilterable_blog offset_number=&#8221;3&#8243; include_categories=&#8221;71&#8243; show_categories=&#8221;off&#8221; _builder_version=&#8221;3.25.3&#8243;][\/et_pb_dpfilterable_blog][\/et_pb_column][\/et_pb_row][et_pb_row column_structure=&#8221;1_3,1_3,1_3&#8243; use_custom_gutter=&#8221;on&#8221; gutter_width=&#8221;2&#8243; disabled_on=&#8221;on|on|on&#8221; _builder_version=&#8221;3.25.3&#8243; width=&#8221;90%&#8221; max_width=&#8221;1400px&#8221; disabled=&#8221;on&#8221;][et_pb_column type=&#8221;1_3&#8243; _builder_version=&#8221;3.25.3&#8243;][et_pb_text module_class=&#8221;bloc-center-text&#8221; _builder_version=&#8221;3.25.3&#8243; text_font=&#8221;||||||||&#8221; text_text_color=&#8221;#ffffff&#8221; header_font=&#8221;||||||||&#8221; header_3_font=&#8221;||||||||&#8221; header_3_text_color=&#8221;#ffffff&#8221; header_3_font_size=&#8221;26px&#8221; background_image=&#8221;https:\/\/www.geres.eu\/wp-content\/uploads\/2019\/07\/image-2.png&#8221; text_orientation=&#8221;center&#8221; min_height=&#8221;467px&#8221; custom_padding=&#8221;47px|30px|50px|30px||&#8221; text_text_align=&#8221;center&#8221;]<\/p>\n<h3 class=\"p1\"><span class=\"s1\" style=\"color: #ffffff;\"><b>Adaptation aux changements climatiques au Tadjikistan<\/b><\/span><\/h3>\n<p>Text random pour tester. Ceci est un cadre de custom type \u00e9tats. Ajouter le before et les caract\u00e9ristiques de la police.<\/p>\n<div class=\"know-more\"><i class=\"icon-arrow_right\"><\/i><span>En savoir plus<\/span><\/div>\n<p>[\/et_pb_text][\/et_pb_column][et_pb_column type=&#8221;1_3&#8243; _builder_version=&#8221;3.25.3&#8243;][et_pb_text module_class=&#8221;bloc-center-text&#8221; _builder_version=&#8221;3.25.3&#8243; text_font=&#8221;||||||||&#8221; text_text_color=&#8221;#ffffff&#8221; header_font=&#8221;||||||||&#8221; header_3_font=&#8221;||||||||&#8221; header_3_text_color=&#8221;#ffffff&#8221; header_3_font_size=&#8221;26px&#8221; background_image=&#8221;https:\/\/www.geres.eu\/wp-content\/uploads\/2019\/07\/image-2.png&#8221; text_orientation=&#8221;center&#8221; min_height=&#8221;467px&#8221; custom_padding=&#8221;47px|30px|50px|30px||&#8221; text_text_align=&#8221;center&#8221;]<\/p>\n<h3 class=\"p1\"><span class=\"s1\" style=\"color: #ffffff;\"><b>Adaptation aux changements climatiques au Tadjikistan<\/b><\/span><\/h3>\n<p>Text random pour tester. Ceci est un cadre de custom type \u00e9tats. Ajouter le before et les caract\u00e9ristiques de la police.<\/p>\n<div class=\"know-more\"><i class=\"icon-arrow_right\"><\/i><span>En savoir plus<\/span><\/div>\n<p>[\/et_pb_text][\/et_pb_column][et_pb_column type=&#8221;1_3&#8243; _builder_version=&#8221;3.25.3&#8243;][et_pb_text module_class=&#8221;bloc-center-text&#8221; _builder_version=&#8221;3.25.3&#8243; text_font=&#8221;||||||||&#8221; text_text_color=&#8221;#ffffff&#8221; header_font=&#8221;||||||||&#8221; header_3_font=&#8221;||||||||&#8221; header_3_text_color=&#8221;#ffffff&#8221; header_3_font_size=&#8221;26px&#8221; background_image=&#8221;https:\/\/www.geres.eu\/wp-content\/uploads\/2019\/07\/image-2.png&#8221; text_orientation=&#8221;center&#8221; min_height=&#8221;467px&#8221; custom_padding=&#8221;47px|30px|50px|30px||&#8221; text_text_align=&#8221;center&#8221;]<\/p>\n<h3 class=\"p1\"><span class=\"s1\" style=\"color: #ffffff;\"><b>Adaptation aux changements climatiques au Tadjikistan<\/b><\/span><\/h3>\n<p>Text random pour tester. Ceci est un cadre de custom type \u00e9tats. Ajouter le before et les caract\u00e9ristiques de la police.<\/p>\n<div class=\"know-more\"><i class=\"icon-arrow_right\"><\/i><span>En savoir plus<\/span><\/div>\n<p>[\/et_pb_text][\/et_pb_column][\/et_pb_row][\/et_pb_section][et_pb_section fb_built=&#8221;1&#8243; module_class=&#8221;bloc-footer-liens-image&#8221; _builder_version=&#8221;4.0.6&#8243; border_width_top=&#8221;1px&#8221; border_color_top=&#8221;rgba(92,122,153,0.25)&#8221; border_width_bottom=&#8221;1px&#8221; border_color_bottom=&#8221;rgba(92,122,153,0.25)&#8221; locked=&#8221;off&#8221;][et_pb_row _builder_version=&#8221;3.25.3&#8243;][et_pb_column type=&#8221;4_4&#8243; _builder_version=&#8221;3.25.3&#8243;][et_pb_text _builder_version=&#8221;3.25.3&#8243; text_font=&#8221;||||||||&#8221; text_text_color=&#8221;#000000&#8243; header_font=&#8221;||||||||&#8221; header_text_align=&#8221;center&#8221; header_text_color=&#8221;#000000&#8243; header_2_font=&#8221;||||||||&#8221; header_2_text_color=&#8221;#000000&#8243; header_2_font_size=&#8221;40px&#8221; text_orientation=&#8221;center&#8221; custom_margin=&#8221;||10px&#8221; custom_padding=&#8221;||0px&#8221; custom_css_main_element=&#8221;display: flex;||justify-content: center;&#8221; text_text_align=&#8221;center&#8221;]<\/p>\n<h2 style=\"text-align: center;\"><strong>EN SAVOIR PLUS<\/strong><\/h2>\n<p>[\/et_pb_text][et_pb_divider color=&#8221;#ffb622&#8243; divider_weight=&#8221;4px&#8221; _builder_version=&#8221;3.25.3&#8243; width=&#8221;8%&#8221; module_alignment=&#8221;center&#8221;][\/et_pb_divider][\/et_pb_column][\/et_pb_row][et_pb_row column_structure=&#8221;1_2,1_2&#8243; _builder_version=&#8221;3.25.3&#8243; width=&#8221;100%&#8221; max_width=&#8221;952px&#8221;][et_pb_column type=&#8221;1_2&#8243; _builder_version=&#8221;3.25.3&#8243;][et_pb_text _builder_version=&#8221;3.25.3&#8243; text_font=&#8221;||||||||&#8221; text_letter_spacing=&#8221;2px&#8221; header_font=&#8221;||||||||&#8221; header_text_align=&#8221;center&#8221; header_3_font=&#8221;||||||||&#8221; header_3_text_align=&#8221;center&#8221; header_3_text_color=&#8221;#ffffff&#8221; header_3_font_size=&#8221;30px&#8221; header_3_line_height=&#8221;30px&#8221; background_image=&#8221;https:\/\/www.geres.eu\/wp-content\/uploads\/2019\/10\/geres.faire-un-don.en-savoir-plus-2.jpg&#8221; text_orientation=&#8221;center&#8221; min_height=&#8221;223px&#8221; custom_padding=&#8221;20px|20px|0px|20px||&#8221; custom_padding_tablet=&#8221;&#8221; custom_padding_phone=&#8221;&#8221; custom_padding_last_edited=&#8221;on|desktop&#8221; link_option_url=&#8221;\/jagis\/faire-un-don\/&#8221; custom_css_main_element=&#8221;display: flex;||justify-content: center;||align-items: center;&#8221; text_text_align=&#8221;center&#8221;]<\/p>\n<h3 style=\"text-align: center;\"><strong>Faire un don<br \/>\n<\/strong><\/h3>\n<p>[\/et_pb_text][\/et_pb_column][et_pb_column type=&#8221;1_2&#8243; _builder_version=&#8221;3.25.3&#8243;][et_pb_text _builder_version=&#8221;3.25.3&#8243; text_font=&#8221;||||||||&#8221; text_letter_spacing=&#8221;2px&#8221; header_font=&#8221;||||||||&#8221; header_text_align=&#8221;center&#8221; header_3_font=&#8221;||||||||&#8221; header_3_text_align=&#8221;center&#8221; header_3_text_color=&#8221;#ffffff&#8221; header_3_font_size=&#8221;30px&#8221; header_3_line_height=&#8221;40px&#8221; background_image=&#8221;https:\/\/www.geres.eu\/wp-content\/uploads\/2019\/10\/geres.devenir-adh\u00e9rent.en-savoir-plus-1.jpg&#8221; text_orientation=&#8221;center&#8221; min_height=&#8221;223px&#8221; custom_padding=&#8221;20px|20px|0px|20px||&#8221; custom_padding_tablet=&#8221;&#8221; custom_padding_phone=&#8221;&#8221; custom_padding_last_edited=&#8221;on|desktop&#8221; link_option_url=&#8221;\/jagis\/devenir-membre\/&#8221; custom_css_main_element=&#8221;display: flex;||justify-content: center;||align-items: center;&#8221; text_text_align=&#8221;center&#8221;]<\/p>\n<h3><strong>Devenir membre<br \/>\n<\/strong><\/h3>\n<p>[\/et_pb_text][\/et_pb_column][\/et_pb_row][\/et_pb_section]<\/p>\n","protected":false},"excerpt":{"rendered":"<p>SOUTENIR NOS CAMPAGNES Pour nous aider \u00e0 conduire nos actions et \u00e0 porter haut et fort le message de Solidarit\u00e9 climatique, nous avons besoin du soutien de chacun et chacune. <div class=\"et_pb_module bastad_breadcrumb bastad_breadcrumb_0\">\n\t\t\t\t\n\t\t\t\t\n\t\t\t\t\n\t\t\t\t\n\t\t\t\t\n\t\t\t\t\n\t\t\t\t<div class=\"et_pb_module_inner\">\n\t\t\t\t\t<div class='breadcrumb'><span property=\"itemListElement\" typeof=\"ListItem\"><a property=\"item\" typeof=\"WebPage\" title=\"Go to Geres.\" href=\"https:\/\/www.geres.eu\/en\/\" class=\"home\" aria-current=\"page\"><span property=\"name\"><i class=\"home-i\"><\/i><\/span><\/a><meta property=\"position\" content=\"1\"><\/span><\/div>\n\t\t\t\t<\/div>\n\t\t\t<\/div> Campagnes \u00e0 la une TOUTES LES AUTRES CAMPAGNES Adaptation aux changements climatiques au Tadjikistan Text random pour tester. Ceci est un cadre de [&hellip;]<\/p>\n","protected":false},"author":2,"featured_media":0,"parent":7612,"menu_order":0,"comment_status":"closed","ping_status":"closed","template":"","meta":{"_acf_changed":false,"_et_pb_use_builder":"on","_et_pb_old_content":"","_et_gb_content_width":"","footnotes":""},"class_list":["post-7641","page","type-page","status-publish","hentry"],"acf":[],"yoast_head":"<!-- This site is optimized with the Yoast SEO plugin v25.6 - https:\/\/yoast.com\/wordpress\/plugins\/seo\/ -->\n<title>Soutenir nos campagnes - Geres<\/title>\n<meta name=\"robots\" content=\"index, follow, max-snippet:-1, max-image-preview:large, max-video-preview:-1\" \/>\n<link rel=\"canonical\" href=\"https:\/\/www.geres.eu\/en\/take-action\/soutenir-nos-campagnes\/\" \/>\n<meta property=\"og:locale\" content=\"en_US\" \/>\n<meta property=\"og:type\" content=\"article\" \/>\n<meta property=\"og:title\" content=\"Soutenir nos campagnes - Geres\" \/>\n<meta property=\"og:description\" content=\"SOUTENIR NOS CAMPAGNES Pour nous aider \u00e0 conduire nos actions et \u00e0 porter haut et fort le message de Solidarit\u00e9 climatique, nous avons besoin du soutien de chacun et chacune. Campagnes \u00e0 la une TOUTES LES AUTRES CAMPAGNES Adaptation aux changements climatiques au Tadjikistan Text random pour tester. Ceci est un cadre de [&hellip;]\" \/>\n<meta property=\"og:url\" content=\"https:\/\/www.geres.eu\/en\/take-action\/soutenir-nos-campagnes\/\" \/>\n<meta property=\"og:site_name\" content=\"Geres\" \/>\n<meta property=\"article:publisher\" content=\"https:\/\/www.facebook.com\/geres.asso\/\" \/>\n<meta property=\"article:modified_time\" content=\"2023-07-25T09:54:55+00:00\" \/>\n<meta name=\"twitter:card\" content=\"summary_large_image\" \/>\n<meta name=\"twitter:site\" content=\"@Geres_fr\" \/>\n<meta name=\"twitter:label1\" content=\"Est. reading time\" \/>\n\t<meta name=\"twitter:data1\" content=\"6 minutes\" \/>\n<script type=\"application\/ld+json\" class=\"yoast-schema-graph\">{\"@context\":\"https:\/\/schema.org\",\"@graph\":[{\"@type\":\"WebPage\",\"@id\":\"https:\/\/www.geres.eu\/en\/take-action\/soutenir-nos-campagnes\/\",\"url\":\"https:\/\/www.geres.eu\/en\/take-action\/soutenir-nos-campagnes\/\",\"name\":\"Soutenir nos campagnes - Geres\",\"isPartOf\":{\"@id\":\"https:\/\/www.geres.eu\/en\/#website\"},\"datePublished\":\"2019-09-13T15:38:43+00:00\",\"dateModified\":\"2023-07-25T09:54:55+00:00\",\"breadcrumb\":{\"@id\":\"https:\/\/www.geres.eu\/en\/take-action\/soutenir-nos-campagnes\/#breadcrumb\"},\"inLanguage\":\"en-US\",\"potentialAction\":[{\"@type\":\"ReadAction\",\"target\":[\"https:\/\/www.geres.eu\/en\/take-action\/soutenir-nos-campagnes\/\"]}]},{\"@type\":\"BreadcrumbList\",\"@id\":\"https:\/\/www.geres.eu\/en\/take-action\/soutenir-nos-campagnes\/#breadcrumb\",\"itemListElement\":[{\"@type\":\"ListItem\",\"position\":1,\"name\":\"Home\",\"item\":\"https:\/\/www.geres.eu\/en\/\"},{\"@type\":\"ListItem\",\"position\":2,\"name\":\"Take action\",\"item\":\"https:\/\/www.geres.eu\/en\/take-action\/\"},{\"@type\":\"ListItem\",\"position\":3,\"name\":\"Soutenir nos campagnes\"}]},{\"@type\":\"WebSite\",\"@id\":\"https:\/\/www.geres.eu\/en\/#website\",\"url\":\"https:\/\/www.geres.eu\/en\/\",\"name\":\"Geres\",\"description\":\"Acting for climate solidarity\",\"publisher\":{\"@id\":\"https:\/\/www.geres.eu\/en\/#organization\"},\"potentialAction\":[{\"@type\":\"SearchAction\",\"target\":{\"@type\":\"EntryPoint\",\"urlTemplate\":\"https:\/\/www.geres.eu\/en\/?s={search_term_string}\"},\"query-input\":{\"@type\":\"PropertyValueSpecification\",\"valueRequired\":true,\"valueName\":\"search_term_string\"}}],\"inLanguage\":\"en-US\"},{\"@type\":\"Organization\",\"@id\":\"https:\/\/www.geres.eu\/en\/#organization\",\"name\":\"Geres\",\"url\":\"https:\/\/www.geres.eu\/en\/\",\"logo\":{\"@type\":\"ImageObject\",\"inLanguage\":\"en-US\",\"@id\":\"https:\/\/www.geres.eu\/en\/#\/schema\/logo\/image\/\",\"url\":\"https:\/\/www.geres.eu\/wp-content\/uploads\/2019\/10\/geres-logo-fr.png\",\"contentUrl\":\"https:\/\/www.geres.eu\/wp-content\/uploads\/2019\/10\/geres-logo-fr.png\",\"width\":139,\"height\":92,\"caption\":\"Geres\"},\"image\":{\"@id\":\"https:\/\/www.geres.eu\/en\/#\/schema\/logo\/image\/\"},\"sameAs\":[\"https:\/\/www.facebook.com\/geres.asso\/\",\"https:\/\/x.com\/Geres_fr\",\"https:\/\/fr.linkedin.com\/company\/geres\",\"https:\/\/www.youtube.com\/channel\/UCDAYdJgGXWW6kmtSeEuhNIQ\",\"https:\/\/fr.wikipedia.org\/wiki\/Geres\"]}]}<\/script>\n<!-- \/ Yoast SEO plugin. -->","yoast_head_json":{"title":"Soutenir nos campagnes - Geres","robots":{"index":"index","follow":"follow","max-snippet":"max-snippet:-1","max-image-preview":"max-image-preview:large","max-video-preview":"max-video-preview:-1"},"canonical":"https:\/\/www.geres.eu\/en\/take-action\/soutenir-nos-campagnes\/","og_locale":"en_US","og_type":"article","og_title":"Soutenir nos campagnes - Geres","og_description":"SOUTENIR NOS CAMPAGNES Pour nous aider \u00e0 conduire nos actions et \u00e0 porter haut et fort le message de Solidarit\u00e9 climatique, nous avons besoin du soutien de chacun et chacune. Campagnes \u00e0 la une TOUTES LES AUTRES CAMPAGNES Adaptation aux changements climatiques au Tadjikistan Text random pour tester. Ceci est un cadre de [&hellip;]","og_url":"https:\/\/www.geres.eu\/en\/take-action\/soutenir-nos-campagnes\/","og_site_name":"Geres","article_publisher":"https:\/\/www.facebook.com\/geres.asso\/","article_modified_time":"2023-07-25T09:54:55+00:00","twitter_card":"summary_large_image","twitter_site":"@Geres_fr","twitter_misc":{"Est. reading time":"6 minutes"},"schema":{"@context":"https:\/\/schema.org","@graph":[{"@type":"WebPage","@id":"https:\/\/www.geres.eu\/en\/take-action\/soutenir-nos-campagnes\/","url":"https:\/\/www.geres.eu\/en\/take-action\/soutenir-nos-campagnes\/","name":"Soutenir nos campagnes - Geres","isPartOf":{"@id":"https:\/\/www.geres.eu\/en\/#website"},"datePublished":"2019-09-13T15:38:43+00:00","dateModified":"2023-07-25T09:54:55+00:00","breadcrumb":{"@id":"https:\/\/www.geres.eu\/en\/take-action\/soutenir-nos-campagnes\/#breadcrumb"},"inLanguage":"en-US","potentialAction":[{"@type":"ReadAction","target":["https:\/\/www.geres.eu\/en\/take-action\/soutenir-nos-campagnes\/"]}]},{"@type":"BreadcrumbList","@id":"https:\/\/www.geres.eu\/en\/take-action\/soutenir-nos-campagnes\/#breadcrumb","itemListElement":[{"@type":"ListItem","position":1,"name":"Home","item":"https:\/\/www.geres.eu\/en\/"},{"@type":"ListItem","position":2,"name":"Take action","item":"https:\/\/www.geres.eu\/en\/take-action\/"},{"@type":"ListItem","position":3,"name":"Soutenir nos campagnes"}]},{"@type":"WebSite","@id":"https:\/\/www.geres.eu\/en\/#website","url":"https:\/\/www.geres.eu\/en\/","name":"Geres","description":"Acting for climate solidarity","publisher":{"@id":"https:\/\/www.geres.eu\/en\/#organization"},"potentialAction":[{"@type":"SearchAction","target":{"@type":"EntryPoint","urlTemplate":"https:\/\/www.geres.eu\/en\/?s={search_term_string}"},"query-input":{"@type":"PropertyValueSpecification","valueRequired":true,"valueName":"search_term_string"}}],"inLanguage":"en-US"},{"@type":"Organization","@id":"https:\/\/www.geres.eu\/en\/#organization","name":"Geres","url":"https:\/\/www.geres.eu\/en\/","logo":{"@type":"ImageObject","inLanguage":"en-US","@id":"https:\/\/www.geres.eu\/en\/#\/schema\/logo\/image\/","url":"https:\/\/www.geres.eu\/wp-content\/uploads\/2019\/10\/geres-logo-fr.png","contentUrl":"https:\/\/www.geres.eu\/wp-content\/uploads\/2019\/10\/geres-logo-fr.png","width":139,"height":92,"caption":"Geres"},"image":{"@id":"https:\/\/www.geres.eu\/en\/#\/schema\/logo\/image\/"},"sameAs":["https:\/\/www.facebook.com\/geres.asso\/","https:\/\/x.com\/Geres_fr","https:\/\/fr.linkedin.com\/company\/geres","https:\/\/www.youtube.com\/channel\/UCDAYdJgGXWW6kmtSeEuhNIQ","https:\/\/fr.wikipedia.org\/wiki\/Geres"]}]}},"_links":{"self":[{"href":"https:\/\/www.geres.eu\/en\/wp-json\/wp\/v2\/pages\/7641"}],"collection":[{"href":"https:\/\/www.geres.eu\/en\/wp-json\/wp\/v2\/pages"}],"about":[{"href":"https:\/\/www.geres.eu\/en\/wp-json\/wp\/v2\/types\/page"}],"author":[{"embeddable":true,"href":"https:\/\/www.geres.eu\/en\/wp-json\/wp\/v2\/users\/2"}],"replies":[{"embeddable":true,"href":"https:\/\/www.geres.eu\/en\/wp-json\/wp\/v2\/comments?post=7641"}],"version-history":[{"count":8,"href":"https:\/\/www.geres.eu\/en\/wp-json\/wp\/v2\/pages\/7641\/revisions"}],"predecessor-version":[{"id":31260,"href":"https:\/\/www.geres.eu\/en\/wp-json\/wp\/v2\/pages\/7641\/revisions\/31260"}],"up":[{"embeddable":true,"href":"https:\/\/www.geres.eu\/en\/wp-json\/wp\/v2\/pages\/7612"}],"wp:attachment":[{"href":"https:\/\/www.geres.eu\/en\/wp-json\/wp\/v2\/media?parent=7641"}],"curies":[{"name":"wp","href":"https:\/\/api.w.org\/{rel}","templated":true}]}}